{"id":3,"date":"2023-11-15T11:19:18","date_gmt":"2023-11-15T10:19:18","guid":{"rendered":"https:\/\/cafeventura.fr\/?page_id=3"},"modified":"2023-12-12T16:06:55","modified_gmt":"2023-12-12T15:06:55","slug":"politique-de-confidentialite","status":"publish","type":"page","link":"https:\/\/cafeventura.fr\/?page_id=3","title":{"rendered":"Politique de confidentialit\u00e9"},"content":{"rendered":"\t\t<div data-elementor-type=\"wp-page\" data-elementor-id=\"3\" class=\"elementor elementor-3\">\n\t\t\t\t<div class=\"elementor-element elementor-element-5c4fd03e e-flex e-con-boxed wpr-particle-no wpr-jarallax-no wpr-parallax-no wpr-sticky-section-no wpr-equal-height-no e-con e-parent\" data-id=\"5c4fd03e\" data-element_type=\"container\" data-e-type=\"container\" data-settings=\"{&quot;background_background&quot;:&quot;classic&quot;}\">\n\t\t\t\t\t<div class=\"e-con-inner\">\n\t\t\t\t<div class=\"elementor-element elementor-element-58e95f3 elementor-widget elementor-widget-text-editor\" data-id=\"58e95f3\" data-element_type=\"widget\" data-e-type=\"widget\" data-widget_type=\"text-editor.default\">\n\t\t\t\t<div class=\"elementor-widget-container\">\n\t\t\t\t\t\t\t\t\t<p><strong>\u00c9diteur du site :<\/strong><\/p>\n<p>Le Caf\u00e9 Ventura<br \/>58 R. des Martyrs, 75009 Paris<br \/>T\u00e9l\u00e9phone : <a spellcheck=\"false\" href=\"https:\/\/www.google.com\/search?q=cafe+ventura&amp;oq=cafe+vent&amp;gs_lcrp=EgZjaHJvbWUqCggAEAAY4wIYgAQyCggAEAAY4wIYgAQyDQgBEC4YrwEYxwEYgAQyBggCEEUYOTIGCAMQRRg7Mg0IBBAuGK8BGMcBGIAEMgYIBRBFGDwyBggGEEUYPDIGCAcQRRg8qAIAsAIA&amp;sourceid=chrome&amp;ie=UTF-8#\" data-dtype=\"d3ph\" data-local-attribute=\"d3ph\" data-ved=\"2ahUKEwib2snGlYqDAxVkTKQEHSFOCNIQkAgoAHoECF4QAw\"><span aria-label=\"Appeler le 01 40 36 21 15\">01 40 36 21 15<\/span><\/a><br \/>Email : bonjour@cafeventura.fr<\/p>\n<p>Siret : 83019690300025<\/p>\n<p><strong>H\u00e9bergeur du site :<\/strong><\/p>\n<p>HOSTINGER<br \/><b>61 Lordou Vironos Street, 6023 Larnaca, Chypre<\/b><\/p>\n<p>https:\/\/www.hostinger.fr\/contact<\/p>\n<p><strong>Propri\u00e9t\u00e9 intellectuelle :<\/strong><\/p>\n<p>Le contenu du site, incluant les textes, images, vid\u00e9os, et autres \u00e9l\u00e9ments, est la propri\u00e9t\u00e9 exclusive du Caf\u00e9 Ventura, sauf indication contraire. Toute reproduction, distribution, modification, ou utilisation non autoris\u00e9e du contenu est strictement interdite.<\/p>\n<p><strong>Protection des donn\u00e9es personnelles :<\/strong><\/p>\n<p>Conform\u00e9ment \u00e0 la r\u00e9glementation en vigueur, les donn\u00e9es personnelles collect\u00e9es via le site ne seront utilis\u00e9es que dans le cadre l\u00e9gal pr\u00e9vu et ne seront en aucun cas transmises \u00e0 des tiers sans le consentement explicite de la personne concern\u00e9e.<\/p>\n<p><strong>Cookies :<\/strong><\/p>\n<p>Le site peut utiliser des cookies pour am\u00e9liorer l&rsquo;exp\u00e9rience utilisateur. L&rsquo;utilisateur peut configurer son navigateur pour refuser les cookies, mais cela peut affecter certaines fonctionnalit\u00e9s du site.<\/p>\n<p><strong>Liens externes :<\/strong><\/p>\n<p>Le Caf\u00e9 Ventura d\u00e9cline toute responsabilit\u00e9 quant au contenu des sites externes li\u00e9s depuis son site.<\/p>\n<p><strong>Droit applicable :<\/strong><\/p>\n<p>Le site et son contenu sont soumis au droit fran\u00e7ais. Tout litige relatif \u00e0 l&rsquo;utilisation du site sera de la comp\u00e9tence exclusive des tribunaux fran\u00e7ais.<\/p>\n<p><strong>Contact :<\/strong><\/p>\n<p>Pour toute question ou r\u00e9clamation, vous pouvez contacter Le Caf\u00e9 Ventura \u00e0 l&rsquo;adresse bonjour@cafeventura.fr ou par courrier \u00e0 l&rsquo;adresse indiqu\u00e9e ci-dessus.<\/p>\t\t\t\t\t\t\t\t<\/div>\n\t\t\t\t<\/div>\n\t\t\t\t\t<\/div>\n\t\t\t\t<\/div>\n\t\t\t\t<\/div>\n\t\t","protected":false},"excerpt":{"rendered":"<p>\u00c9diteur du site : Le Caf\u00e9 Ventura58 R. des Martyrs, 75009 ParisT\u00e9l\u00e9phone : 01 40 36 21 15Email : bonjour@cafeventura.fr Siret : 83019690300025 H\u00e9bergeur du site : HOSTINGER61 Lordou Vironos Street, 6023 Larnaca, Chypre https:\/\/www.hostinger.fr\/contact Propri\u00e9t\u00e9 intellectuelle : Le contenu du site, incluant les textes, images, vid\u00e9os, et autres \u00e9l\u00e9ments, est la propri\u00e9t\u00e9 exclusive du Caf\u00e9 Ventura, sauf indication contraire. Toute reproduction, distribution, modification, ou utilisation non autoris\u00e9e du contenu est strictement interdite. Protection des donn\u00e9es personnelles : Conform\u00e9ment \u00e0 la r\u00e9glementation en vigueur, les donn\u00e9es personnelles collect\u00e9es via le site ne seront utilis\u00e9es que dans le cadre l\u00e9gal pr\u00e9vu et ne seront en aucun cas transmises \u00e0 des tiers sans le consentement explicite de la personne concern\u00e9e. Cookies : Le site peut utiliser des cookies pour am\u00e9liorer l&rsquo;exp\u00e9rience utilisateur. L&rsquo;utilisateur peut configurer son navigateur pour refuser les cookies, mais cela peut affecter certaines fonctionnalit\u00e9s du site. Liens externes : Le Caf\u00e9 Ventura d\u00e9cline toute responsabilit\u00e9 quant au contenu des sites externes li\u00e9s depuis son site. Droit applicable : Le site et son contenu sont soumis au droit fran\u00e7ais. Tout litige relatif \u00e0 l&rsquo;utilisation du site sera de la comp\u00e9tence exclusive des tribunaux fran\u00e7ais. Contact : Pour toute question ou r\u00e9clamation, vous pouvez contacter Le Caf\u00e9 Ventura \u00e0 l&rsquo;adresse bonjour@cafeventura.fr ou par courrier \u00e0 l&rsquo;adresse indiqu\u00e9e ci-dessus.<\/p>\n","protected":false},"author":1,"featured_media":0,"parent":0,"menu_order":0,"comment_status":"closed","ping_status":"open","template":"","meta":{"site-sidebar-layout":"default","site-content-layout":"","ast-site-content-layout":"","site-content-style":"default","site-sidebar-style":"default","ast-global-header-display":"","ast-banner-title-visibility":"","ast-main-header-display":"","ast-hfb-above-header-display":"","ast-hfb-below-header-display":"","ast-hfb-mobile-header-display":"","site-post-title":"","ast-breadcrumbs-content":"","ast-featured-img":"","footer-sml-layout":"","theme-transparent-header-meta":"","adv-header-id-meta":"","stick-header-meta":"","header-above-stick-meta":"","header-main-stick-meta":"","header-below-stick-meta":"","astra-migrate-meta-layouts":"default","ast-page-background-enabled":"default","ast-page-background-meta":{"desktop":{"background-color":"","background-image":"","background-repeat":"repeat","background-position":"center center","background-size":"auto","background-attachment":"scroll","background-type":"","background-media":"","overlay-type":"","overlay-color":"","overlay-opacity":"","overlay-gradient":""},"tablet":{"background-color":"","background-image":"","background-repeat":"repeat","background-position":"center center","background-size":"auto","background-attachment":"scroll","background-type":"","background-media":"","overlay-type":"","overlay-color":"","overlay-opacity":"","overlay-gradient":""},"mobile":{"background-color":"","background-image":"","background-repeat":"repeat","background-position":"center center","background-size":"auto","background-attachment":"scroll","background-type":"","background-media":"","overlay-type":"","overlay-color":"","overlay-opacity":"","overlay-gradient":""}},"ast-content-background-meta":{"desktop":{"background-color":"var(--ast-global-color-5)","background-image":"","background-repeat":"repeat","background-position":"center center","background-size":"auto","background-attachment":"scroll","background-type":"","background-media":"","overlay-type":"","overlay-color":"","overlay-opacity":"","overlay-gradient":""},"tablet":{"background-color":"var(--ast-global-color-5)","background-image":"","background-repeat":"repeat","background-position":"center center","background-size":"auto","background-attachment":"scroll","background-type":"","background-media":"","overlay-type":"","overlay-color":"","overlay-opacity":"","overlay-gradient":""},"mobile":{"background-color":"var(--ast-global-color-5)","background-image":"","background-repeat":"repeat","background-position":"center center","background-size":"auto","background-attachment":"scroll","background-type":"","background-media":"","overlay-type":"","overlay-color":"","overlay-opacity":"","overlay-gradient":""}},"footnotes":""},"class_list":["post-3","page","type-page","status-publish","hentry"],"_links":{"self":[{"href":"https:\/\/cafeventura.fr\/index.php?rest_route=\/wp\/v2\/pages\/3","targetHints":{"allow":["GET"]}}],"collection":[{"href":"https:\/\/cafeventura.fr\/index.php?rest_route=\/wp\/v2\/pages"}],"about":[{"href":"https:\/\/cafeventura.fr\/index.php?rest_route=\/wp\/v2\/types\/page"}],"author":[{"embeddable":true,"href":"https:\/\/cafeventura.fr\/index.php?rest_route=\/wp\/v2\/users\/1"}],"replies":[{"embeddable":true,"href":"https:\/\/cafeventura.fr\/index.php?rest_route=%2Fwp%2Fv2%2Fcomments&post=3"}],"version-history":[{"count":4,"href":"https:\/\/cafeventura.fr\/index.php?rest_route=\/wp\/v2\/pages\/3\/revisions"}],"predecessor-version":[{"id":977,"href":"https:\/\/cafeventura.fr\/index.php?rest_route=\/wp\/v2\/pages\/3\/revisions\/977"}],"wp:attachment":[{"href":"https:\/\/cafeventura.fr\/index.php?rest_route=%2Fwp%2Fv2%2Fmedia&parent=3"}],"curies":[{"name":"wp","href":"https:\/\/api.w.org\/{rel}","templated":true}]}}